{"id":117,"date":"2019-03-20T17:48:44","date_gmt":"2019-03-20T17:48:44","guid":{"rendered":"http:\/\/megarepuestosexpress.com\/?page_id=117"},"modified":"2019-11-25T02:28:01","modified_gmt":"2019-11-25T02:28:01","slug":"suspension-2","status":"publish","type":"page","link":"https:\/\/megarepuestosexpress.com\/index.php\/catalogo\/suspension-2\/","title":{"rendered":"Suspensi\u00f3n"},"content":{"rendered":"<body>\t\t<div data-elementor-type=\"wp-post\" data-elementor-id=\"117\" class=\"elementor elementor-117\">\n\t\t\t\t\t\t<section class=\"elementor-section elementor-top-section elementor-element elementor-element-ef5dd4e elementor-section-boxed elementor-section-height-default elementor-section-height-default\" data-id=\"ef5dd4e\" data-element_type=\"section\" data-e-type=\"section\">\n\t\t\t\t\t\t<div class=\"elementor-container elementor-column-gap-default\">\n\t\t\t\t\t<div class=\"elementor-column elementor-col-100 elementor-top-column elementor-element elementor-element-fe00648\" data-id=\"fe00648\" data-element_type=\"column\" data-e-type=\"column\">\n\t\t\t<div class=\"elementor-widget-wrap elementor-element-populated\">\n\t\t\t\t\t\t<div class=\"elementor-element elementor-element-4fe2a80 elementor-widget elementor-widget-heading\" data-id=\"4fe2a80\" data-element_type=\"widget\" data-e-type=\"widget\" data-widget_type=\"heading.default\">\n\t\t\t\t<div class=\"elementor-widget-container\">\n\t\t\t\t\t<h2 class=\"elementor-heading-title elementor-size-default\">SUSPENSI\u00d3N<\/h2>\t\t\t\t<\/div>\n\t\t\t\t<\/div>\n\t\t\t\t\t<\/div>\n\t\t<\/div>\n\t\t\t\t\t<\/div>\n\t\t<\/section>\n\t\t\t\t<section class=\"elementor-section elementor-top-section elementor-element elementor-element-b2fde25 elementor-section-boxed elementor-section-height-default elementor-section-height-default\" data-id=\"b2fde25\" data-element_type=\"section\" data-e-type=\"section\">\n\t\t\t\t\t\t<div class=\"elementor-container elementor-column-gap-default\">\n\t\t\t\t\t<div class=\"elementor-column elementor-col-100 elementor-top-column elementor-element elementor-element-b49d3a0\" data-id=\"b49d3a0\" data-element_type=\"column\" data-e-type=\"column\">\n\t\t\t<div class=\"elementor-widget-wrap elementor-element-populated\">\n\t\t\t\t\t\t<section class=\"elementor-section elementor-inner-section elementor-element elementor-element-5c380b4 elementor-section-boxed elementor-section-height-default elementor-section-height-default\" data-id=\"5c380b4\" data-element_type=\"section\" data-e-type=\"section\">\n\t\t\t\t\t\t<div class=\"elementor-container elementor-column-gap-default\">\n\t\t\t\t\t<div class=\"elementor-column elementor-col-50 elementor-inner-column elementor-element elementor-element-f226881\" data-id=\"f226881\" data-element_type=\"column\" data-e-type=\"column\">\n\t\t\t<div class=\"elementor-widget-wrap elementor-element-populated\">\n\t\t\t\t\t\t<div class=\"elementor-element elementor-element-e603494 elementor-widget elementor-widget-image\" data-id=\"e603494\" data-element_type=\"widget\" data-e-type=\"widget\" data-widget_type=\"image.default\">\n\t\t\t\t<div class=\"elementor-widget-container\">\n\t\t\t\t\t\t\t\t\t\t\t\t\t\t\t<img loading=\"lazy\" loading=\"lazy\" decoding=\"async\" width=\"462\" height=\"600\" src=\"https:\/\/i0.wp.com\/megarepuestosexpress.com\/wp-content\/uploads\/2019\/03\/Amortiguador.jpg?fit=462%2C600&amp;ssl=1\" class=\"attachment-large size-large wp-image-215\" alt=\"\" srcset=\"https:\/\/i0.wp.com\/megarepuestosexpress.com\/wp-content\/uploads\/2019\/03\/Amortiguador.jpg?w=462&amp;ssl=1 462w, https:\/\/i0.wp.com\/megarepuestosexpress.com\/wp-content\/uploads\/2019\/03\/Amortiguador.jpg?resize=231%2C300&amp;ssl=1 231w\" sizes=\"(max-width: 462px) 100vw, 462px\" loading=\"lazy\">\t\t\t\t\t\t\t\t\t\t\t\t\t\t\t<\/div>\n\t\t\t\t<\/div>\n\t\t\t\t<div class=\"elementor-element elementor-element-248a8d5 elementor-widget elementor-widget-heading\" data-id=\"248a8d5\" data-element_type=\"widget\" data-e-type=\"widget\" data-widget_type=\"heading.default\">\n\t\t\t\t<div class=\"elementor-widget-container\">\n\t\t\t\t\t<h2 class=\"elementor-heading-title elementor-size-default\">AMORTIGUADORES<\/h2>\t\t\t\t<\/div>\n\t\t\t\t<\/div>\n\t\t\t\t\t<\/div>\n\t\t<\/div>\n\t\t\t\t<div class=\"elementor-column elementor-col-50 elementor-inner-column elementor-element elementor-element-506d6d5\" data-id=\"506d6d5\" data-element_type=\"column\" data-e-type=\"column\">\n\t\t\t<div class=\"elementor-widget-wrap elementor-element-populated\">\n\t\t\t\t\t\t<div class=\"elementor-element elementor-element-ddf7341 elementor-widget elementor-widget-image\" data-id=\"ddf7341\" data-element_type=\"widget\" data-e-type=\"widget\" data-widget_type=\"image.default\">\n\t\t\t\t<div class=\"elementor-widget-container\">\n\t\t\t\t\t\t\t\t\t\t\t\t\t\t\t<img loading=\"lazy\" loading=\"lazy\" decoding=\"async\" width=\"734\" height=\"318\" src=\"https:\/\/i0.wp.com\/megarepuestosexpress.com\/wp-content\/uploads\/2019\/03\/suspension.jpg?fit=734%2C318&amp;ssl=1\" class=\"attachment-large size-large wp-image-183\" alt=\"\" srcset=\"https:\/\/i0.wp.com\/megarepuestosexpress.com\/wp-content\/uploads\/2019\/03\/suspension.jpg?w=734&amp;ssl=1 734w, https:\/\/i0.wp.com\/megarepuestosexpress.com\/wp-content\/uploads\/2019\/03\/suspension.jpg?resize=300%2C130&amp;ssl=1 300w\" sizes=\"(max-width: 734px) 100vw, 734px\" loading=\"lazy\">\t\t\t\t\t\t\t\t\t\t\t\t\t\t\t<\/div>\n\t\t\t\t<\/div>\n\t\t\t\t<div class=\"elementor-element elementor-element-38ceeb8 elementor-widget elementor-widget-heading\" data-id=\"38ceeb8\" data-element_type=\"widget\" data-e-type=\"widget\" data-widget_type=\"heading.default\">\n\t\t\t\t<div class=\"elementor-widget-container\">\n\t\t\t\t\t<h2 class=\"elementor-heading-title elementor-size-default\">MESAS DE SUSPENSI\u00d3N<\/h2>\t\t\t\t<\/div>\n\t\t\t\t<\/div>\n\t\t\t\t<div class=\"elementor-element elementor-element-ea3649d elementor-widget elementor-widget-image\" data-id=\"ea3649d\" data-element_type=\"widget\" data-e-type=\"widget\" data-widget_type=\"image.default\">\n\t\t\t\t<div class=\"elementor-widget-container\">\n\t\t\t\t\t\t\t\t\t\t\t\t\t\t\t<img loading=\"lazy\" loading=\"lazy\" decoding=\"async\" width=\"450\" height=\"292\" src=\"https:\/\/i0.wp.com\/megarepuestosexpress.com\/wp-content\/uploads\/2019\/03\/Caja-de-Direcci%C3%B3n.jpeg?fit=450%2C292&amp;ssl=1\" class=\"attachment-large size-large wp-image-182\" alt=\"\" loading=\"lazy\">\t\t\t\t\t\t\t\t\t\t\t\t\t\t\t<\/div>\n\t\t\t\t<\/div>\n\t\t\t\t<div class=\"elementor-element elementor-element-089aeab elementor-widget elementor-widget-heading\" data-id=\"089aeab\" data-element_type=\"widget\" data-e-type=\"widget\" data-widget_type=\"heading.default\">\n\t\t\t\t<div class=\"elementor-widget-container\">\n\t\t\t\t\t<h2 class=\"elementor-heading-title elementor-size-default\">SISTEMAS DE DIRECCI\u00d3N<\/h2>\t\t\t\t<\/div>\n\t\t\t\t<\/div>\n\t\t\t\t\t<\/div>\n\t\t<\/div>\n\t\t\t\t\t<\/div>\n\t\t<\/section>\n\t\t\t\t<div class=\"elementor-element elementor-element-124b058 elementor-widget elementor-widget-image\" data-id=\"124b058\" data-element_type=\"widget\" data-e-type=\"widget\" data-widget_type=\"image.default\">\n\t\t\t\t<div class=\"elementor-widget-container\">\n\t\t\t\t\t\t\t\t\t\t\t\t\t\t\t<img loading=\"lazy\" loading=\"lazy\" decoding=\"async\" width=\"1024\" height=\"348\" src=\"https:\/\/i0.wp.com\/megarepuestosexpress.com\/wp-content\/uploads\/2019\/03\/Mordaza.jpg?fit=1024%2C348&amp;ssl=1\" class=\"attachment-large size-large wp-image-221\" alt=\"\" srcset=\"https:\/\/i0.wp.com\/megarepuestosexpress.com\/wp-content\/uploads\/2019\/03\/Mordaza.jpg?w=1036&amp;ssl=1 1036w, https:\/\/i0.wp.com\/megarepuestosexpress.com\/wp-content\/uploads\/2019\/03\/Mordaza.jpg?resize=300%2C102&amp;ssl=1 300w, https:\/\/i0.wp.com\/megarepuestosexpress.com\/wp-content\/uploads\/2019\/03\/Mordaza.jpg?resize=768%2C261&amp;ssl=1 768w, https:\/\/i0.wp.com\/megarepuestosexpress.com\/wp-content\/uploads\/2019\/03\/Mordaza.jpg?resize=1024%2C348&amp;ssl=1 1024w\" sizes=\"(max-width: 1024px) 100vw, 1024px\" loading=\"lazy\">\t\t\t\t\t\t\t\t\t\t\t\t\t\t\t<\/div>\n\t\t\t\t<\/div>\n\t\t\t\t<div class=\"elementor-element elementor-element-0204a1f elementor-widget elementor-widget-heading\" data-id=\"0204a1f\" data-element_type=\"widget\" data-e-type=\"widget\" data-widget_type=\"heading.default\">\n\t\t\t\t<div class=\"elementor-widget-container\">\n\t\t\t\t\t<h2 class=\"elementor-heading-title elementor-size-default\">MORDAZAS, DISCOS, PASTILLAS DE FRENO<\/h2>\t\t\t\t<\/div>\n\t\t\t\t<\/div>\n\t\t\t\t\t<\/div>\n\t\t<\/div>\n\t\t\t\t\t<\/div>\n\t\t<\/section>\n\t\t\t\t<\/div>\n\t\t<\/body>","protected":false},"excerpt":{"rendered":"<p>SUSPENSI\u00d3N AMORTIGUADORES MESAS DE SUSPENSI\u00d3N SISTEMAS DE DIRECCI\u00d3N MORDAZAS, DISCOS, PASTILLAS DE FRENO<\/p>\n","protected":false},"author":1,"featured_media":0,"parent":12,"menu_order":0,"comment_status":"closed","ping_status":"closed","template":"elementor_header_footer","meta":{"_et_pb_use_builder":"","_et_pb_old_content":"","_et_gb_content_width":"","om_disable_all_campaigns":false,"_monsterinsights_skip_tracking":false,"_monsterinsights_sitenote_active":false,"_monsterinsights_sitenote_note":"","_monsterinsights_sitenote_category":0,"footnotes":""},"class_list":["post-117","page","type-page","status-publish","hentry"],"jetpack_sharing_enabled":true,"_links":{"self":[{"href":"https:\/\/megarepuestosexpress.com\/index.php\/wp-json\/wp\/v2\/pages\/117"}],"collection":[{"href":"https:\/\/megarepuestosexpress.com\/index.php\/wp-json\/wp\/v2\/pages"}],"about":[{"href":"https:\/\/megarepuestosexpress.com\/index.php\/wp-json\/wp\/v2\/types\/page"}],"author":[{"embeddable":true,"href":"https:\/\/megarepuestosexpress.com\/index.php\/wp-json\/wp\/v2\/users\/1"}],"replies":[{"embeddable":true,"href":"https:\/\/megarepuestosexpress.com\/index.php\/wp-json\/wp\/v2\/comments?post=117"}],"version-history":[{"count":10,"href":"https:\/\/megarepuestosexpress.com\/index.php\/wp-json\/wp\/v2\/pages\/117\/revisions"}],"predecessor-version":[{"id":315,"href":"https:\/\/megarepuestosexpress.com\/index.php\/wp-json\/wp\/v2\/pages\/117\/revisions\/315"}],"up":[{"embeddable":true,"href":"https:\/\/megarepuestosexpress.com\/index.php\/wp-json\/wp\/v2\/pages\/12"}],"wp:attachment":[{"href":"https:\/\/megarepuestosexpress.com\/index.php\/wp-json\/wp\/v2\/media?parent=117"}],"curies":[{"name":"wp","href":"https:\/\/api.w.org\/{rel}","templated":true}]}}